{"id":10383,"date":"2023-04-05T15:43:52","date_gmt":"2023-04-05T13:43:52","guid":{"rendered":"https:\/\/msf.hr\/?page_id=10383"},"modified":"2023-04-05T15:54:49","modified_gmt":"2023-04-05T13:54:49","slug":"55th-zagreb-international-folklore-festival","status":"publish","type":"page","link":"https:\/\/msf.hr\/en\/55th-zagreb-international-folklore-festival\/","title":{"rendered":"55TH ZAGREB INTERNATIONAL FOLKLORE FESTIVAL"},"content":{"rendered":"<div class=\"wpb-content-wrapper\"><p>[vc_section full_width=&#8221;stretch_row&#8221;][vc_row full_width=&#8221;stretch_row_content&#8221; el_class=&#8221;text-center&#8221;][vc_column]\t\t\t<link rel=\"stylesheet\" id=\"basel-el-slider-css\" href=\"https:\/\/msf.hr\/wp-content\/themes\/basel\/css\/parts\/el-slider.min.css?ver=5.8.0\" type=\"text\/css\" media=\"all\" \/> \t\t\t\t\t\t<link rel=\"stylesheet\" id=\"basel-lib-owl-carousel-css\" href=\"https:\/\/msf.hr\/wp-content\/themes\/basel\/css\/parts\/lib-owl-carousel.min.css?ver=5.8.0\" type=\"text\/css\" media=\"all\" \/> \t\t\t\t\t\t<style>\n\t\t\t#slider-142 .basel-slide {\n\t\t\t\tmin-height: 600px;\n\t\t\t}\n\t\t\t\n\t\t\t@media (min-width: 1025px) {\n\t\t\t\t.browser-Internet #slider-142 .basel-slide {\n\t\t\t\t\theight: 600px;\n\t\t\t\t}\n\t\t\t}\n\n\t        @media (max-width: 1024px) {\n\t\t\t\t#slider-142 .basel-slide {\n\t\t\t\t\tmin-height: 500px;\n\t\t\t\t}\n\t\t\t}\n\n\t\t\t@media (max-width: 767px) {\n\t\t\t\t#slider-142 .basel-slide {\n\t\t\t\t\tmin-height: 300px;\n\t\t\t\t}\n\t\t\t}\n\n\t\t\t\t\t\t\t\t\t#slide-8317.basel-loaded {\n\t\t\t\t\t\t\tbackground-image:url(https:\/\/msf.hr\/wp-content\/uploads\/2022\/01\/MG_8909-scaled.jpg);\t\t\t\t\t\t}\n\n\t\t\t\t\t\t#slide-8317 {\n\t\t\t\t\t\t\tbackground-color:#fefefe;\t\t\t\t\t\t}\n\n\t\t\t\t\t    \t\t\t\t\t\t#slide-8317 .basel-slide-inner {\n\t\t\t\t\t\t\tmax-width:1200px;\t\t\t\t\t\t}\n\t\t\t\t\t    \n\t\t\t\t        @media (max-width: 1024px) {\n\t\t\t\t\t\t\t\n\t\t\t\t\t        \t\t\t\t\t\t\t#slide-8317 .basel-slide-inner {\n\t\t\t\t\t\t\t\tmax-width:1200px;\t\t\t\t\t\t\t}\n\t\t\t\t\t        \t\t\t\t\t\t}\n\n\t\t\t\t\t\t@media (max-width: 767px) {\n\t\t\t\t\t\t\t\n\t\t\t\t\t        \t\t\t\t\t\t\t#slide-8317 .basel-slide-inner {\n\t\t\t\t\t\t\t\tmax-width:300px;\t\t\t\t\t\t\t}\n\t\t\t\t\t        \t\t\t\t\t\t}\n\n\t\t\t\t\t\t\n\t\t\t\t\t\t\n\t\t\t\t\t\n\t\t<\/style>\t\t\t<div id=\"slider-142\" class=\"basel-slider-wrapper arrows-style-1 pagin-style-1 pagin-color-1 vc_row vc_row-fluid\" data-vc-full-width=\"true\" data-vc-full-width-init=\"true\" data-vc-stretch-content=\"true\" data-owl-carousel data-speed=\"9000\" data-wrap=\"yes\" data-autoplay=\"yes\" data-autoheight=\"yes\" data-hide_pagination_control=\"no\" data-hide_prev_next_buttons=\"no\" data-sliding_speed=\"900\" data-content_animation=\"1\" data-desktop=\"1\" data-desktop_small=\"1\" data-tablet=\"1\" data-mobile=\"1\">\n\t\t\t\t<div class=\"owl-carousel basel-slider \">\n\t\t\t\t\t\t\t\t\t\t\t\t\t\t\t\t\t<div id=\"slide-8317\" class=\"basel-slide slide-valign-middle slide-halign-middle content-fixed\">\n\t\t\t\t\t\t\t<div class=\"container basel-slide-container\">\n\t\t\t\t\t\t\t\t<div class=\"basel-slide-inner \">\n\t\t\t\t\t\t\t\t\t\t\t\t\t\t\t\t\t<\/div>\n\t\t\t\t\t\t\t<\/div>\n\t\t\t\t\t\t<\/div>\n\n\t\t\t\t\t\t\t\t\t<\/div>\n\t\t\t<\/div>\n\t\t\t<div class=\"vc_row-full-width vc_clearfix\"><\/div>\t\t[\/vc_column][\/vc_row][vc_row css=&#8221;.vc_custom_1590493555127{background-color: #ffffff !important;}&#8221;][vc_column width=&#8221;1\/3&#8243;][vc_column_text]<\/p>\n<h2>55TH ZAGREB INTERNATIONAL FOLKLORE FESTIVAL<\/h2>\n<blockquote>\n<p><span style=\"font-size: medium;\">23RD JUNE \u2013 31 JULY 2021<\/span><\/p>\n<\/blockquote>\n<p>When the scientific and cultural public realized that cultural heritage which is not tangible or monumental in nature should also be accentuated, the United Nations Educational, Scientific and Cultural Organization (UNESCO) adopted a convention to better preserve and safeguard traditional values that can be called intangible cultural heritage. This is the living culture that has been passed on through generations to this day and is considered important for the recognition of individuals and communities who, with their ingenuity and art, contribute to the creativity, and with it, the diversity and richness of cultural heritage. The obligation to implement the 2003 Convention for the Safeguarding of the Intangible Cultural Heritage with international recognition falls on member countries who decide for themselves how to implement and register intangible cultural assets. Croatian Ministry of Culture founded the Committee for Intangible Cultural Heritage, thus starting a new movement to raise the awareness among local communities and the bearers of specific knowledge, craft, art, beliefs, and cultural and social practices to register them and thus revive them where necessary and encourage their transfer onto future generations. Thanks to previous good experiences of conservators, experts and scientists dealing with researching, documenting, processing and interpreting traditional culture that today is not limited to the subject of research, but also analyses the way of life and the selection of current cultural identity symbols, Croatia is well recognized in international circles for early, successful and proactive work on the implementation of the UNESCO Convention. Apart from numerous internationally recognized intangible assets on UNESCO\u2019s lists of heritage in need of urgent protection, representative heritage and heritage with good safeguarding practices, the Ministry of Culture and Media also registers natural and cultural heritage in its own Register of Cultural Assets. The list consists of almost 200 intangible cultural assets. After more than a decade, the Zagreb International Folklore Festival once again aims to promote the subject of intangible culture as living heritage and, in the context of the pandemic, strives to attract attention to the heritage bearers and encourage a stronger safeguarding process, also trying to emphasize the values that might not have been in the public eye, although they fully deserve it. Croatia\u2019s efforts on international implementation of the Convention are still considerable. Until 2010, when the 44th International Folklore Festival presented intangible cultural heritage, Croatia had 10 cultural assets registered on the UNESCO Representative List (Festivity of St. Blaise, procession Za kri\u017een (\u201cfollowing the cross\u201d) on the island of Hvar, Spring procession of Ljelje\/Kraljice (Queens) from Gorjani, carnival bell ringers\u2019 pageant from the Kastav area, two-part singing and playing in the Istrian scale, lacemaking in Croatia, traditional manufacturing of children\u2019s wooden toys in Hrvatsko Zagorje and gingerbread craft from Northern Croatia, and the knights\u2019 tournament Sinjska Alka) and one on the List of Heritage in Need of Urgent Safeguarding (ojkanje singing). Afterwards, other assets were included on the list: nijemo kolo \u2013 silent circle dance of Dalmatian Hinterland and be\u0107arac singing and playing (2011), klapa multipart singing (2012), popevka folk songs from Me\u0111imurje (2018), two multinational nominations \u2013 Mediterranean diet (2013) together with Cyprus, Spain, Greece, Italy, Morocco and the art of dry stone walling (2018) with Cyprus, France, Greece, Italy, Slovenia, Spain and Switzerland. The Batana Ecomuseum of Rovinj is listed in the Register of Good Safeguarding Practices (2016). There are some other applicants for the inclusion on UNESCO\u2019s lists.[\/vc_column_text][\/vc_column][vc_column width=&#8221;1\/3&#8243;][vc_column_text]These include the Festivity of Saint Tryphon and the Kolo (chain dance) of St. Tryphon, traditions of Croats from the Bay of Kotor who live in the Republic of Croatia; the international candidacy for Lipizzan horse breeding tradition, Tocati \u2013 traditional sports and games, and for falconry that following its first recognition gathers 23 countries after United Arab Emirates. Along with seventeen internationally recognized intangible cultural elements and almost two hundred goods on the national list, it is important to mention that<br \/>\nCroatia\u2019s activities in safeguarding intangible heritage are particularly focused on registering and safeguarding as many local vernaculars as possible, which help transfer the traditions through generations and represent the rich diversity of Croatian language and its three dialects \u2013 chakavian, kajkavian and shtokavian. Local vernaculars make up the entirety of Croatian linguistic identity, which is recognized as the golden \u010da-kaj-\u0161to formula for Croatian language. A total of twentytwo vernaculars have been included in the register for now. This especially includes minority vernaculars \u2013 Istro-Romanian and Zadar-Arbanasi. The community activity on preserving and popularizing local vernaculars is mostly present in kindergartens, schools and cultural associations and the result is a number of published dictionaries, collections of poetry and other writings, as well as numerous workshops that transfer the knowledge to younger generations, which is the most important transfer for the preservation of a language. During the last decade, twenty-two traditional customs, thirty folklore music, dance and\/or cultural assets, two oral traditions, four social or knights\u2019 games, twenty arts of traditional cuisine (half from continental Croatia and the other half from the wider context of Mediterranean diet) have been included in the Register of Cultural Goods of the Republic of Croatia. A large portion of those assets, forty-eight of them, is related to traditional crafts ranging from embroidery and lace making through children\u2019s toys, nativity sets and jewelry making, gourd painting, Easter eggs decorating, making of traditional costumes, jewelry, instruments, fishery, goldsmithing, pottery to dry walling, quicklime making or building various vessels. The Register includes another fifteen traditional crafts, as well as traditions related to the Vara\u017edin city guard called Purgari, the toponyms of Sveta Marija, as well as the skill of reading, writing and printing the Glagolitic script. As is passed on through tradition, and confirmed in expert studies, the UNESCO Convention and applicable laws, the inheritors of intangible culture are its bearers, they are the ones that keep it alive and transfer it to new generations, and are therefore the most important for its production. These are individuals, families or groups from communities whose representatives gather in cultural NGOs. Since they lovingly inherited the tradition, they most often equally lovingly transfer this tradition to new generations, adapting it as a living matter to the modern life. There are other actors that are involved in the process as well \u2013 city folklore groups and Lado, the national professional folk dance and music ensemble which perform traditional music, dances, customs, games in an adapted, stylised, artistic form wearing traditional costumes and accompanied by instruments.[\/vc_column_text][\/vc_column][vc_column width=&#8221;1\/3&#8243;][vc_column_text]<\/p>\n<div class=\"wpb_text_column wpb_content_element\">\n<div class=\"wpb_wrapper\">\n<p>They are not the immediate bearers of local heritage, but rather its promotors in different levels. The aesthetics of those performances can be very different from the aesthetics of heritage bearers. Public and media interpretation is also sometimes different from the interpretation of the local community, occasionally resulting in paradoxical cases of politicising, for example, the ojka\u010de from Banovina or law suites because of different interpretations of verses in a be\u0107arac or the purpose of safeguarding a heritage in light of modern-day laws and human rights protection. It is therefore immensely important that cultural and scientific sectors work together, since critical scientific considerations of culture offer good answers to the creation of heritage. Examples of successful contremporary production include the ethnographic museums of Dubrovnik, Pazin, Split and Zagreb, as well as a number of other city or regional museums and cultural organisations, such as culture centers and heritage interpretation centers (e.g. the Banovina Heritage Interpretation Center in Petrinja). The Ethnographic Museum in Zagreb, in cooperation with the Ministry of Culture and Media, organised a travelling exhibition Croatian Intangible Cultural Heritage Registered on UNESCO\u2019s Lists. Since 2011, the exhibition has visited nine museums in Croatia (Split, Lepoglava, Vara\u017edin, Zagreb, Opatija, Jelsa, Dubrovnik, Sinj and Pula) and eleven countries of Europe, Asia, and North America (including multiple cities and museums in some countries): Northern Macedonia, Hungary, Austria, Slovakia, China, Montenegro, Poland (4), Lithuania (10), France, Turkmenistan, and Canada (2). With its selection of themes, tradition bearer groups and ensembles from abroad, the International Folklore Festival is also one of the promotors of intangible culture, which has earned the status of a nationally important festival. It mostly gathers amateur groups, it is important for networking and promoting cultural diversity, inclusion politics, social cohesion, identity, multiculturalism, and intercultural dialogue. This is why the performances of Slavonian Queens Ljelje, the ojkan and circle dance with the kuterevka tamburitza from Lika, gunjci from Pazin, popevke folk songs from Me\u0111imurje, the mornarski bal from the island of Murter, ganga singing, Slavonian sang circle dances, bagpipes and be\u0107arac, the lin\u0111o posko\u010dica circle dance of the Dubrovnik Primorje, the bitinada of Rovinj and the didi from Kame\u0161nica, as well as traditional urban songs and reveilles accompanied by farka\u0161ica tamburitzas and filipov\u010dice from Komletinci, ojkanje and circle dances from the Dalmatian Hinterland, Slavonia, and Moslavina will enrich us with their beauty and atmosphere and instill hope that there will never be a lack of true bearers of tradition.<\/p>\n<\/div>\n<\/div>\n<p>[\/vc_column_text][vc_btn title=&#8221;CATALOG 55TH MSF&#8221; shape=&#8221;square&#8221; color=&#8221;orange&#8221; size=&#8221;lg&#8221; align=&#8221;center&#8221; i_align=&#8221;right&#8221; i_icon_fontawesome=&#8221;&#8221; button_block=&#8221;true&#8221; add_icon=&#8221;true&#8221; link=&#8221;url:https%3A%2F%2Fmsf.hr%2Fwp-content%2Fuploads%2F2022%2F01%2F55-MSF_2021_katalog-kb-FIN.pdf|target:_blank&#8221;][vc_btn title=&#8221;PROGRAM 55TH MSF&#8221; shape=&#8221;square&#8221; color=&#8221;orange&#8221; size=&#8221;lg&#8221; align=&#8221;center&#8221; i_align=&#8221;right&#8221; i_icon_fontawesome=&#8221;&#8221; button_block=&#8221;true&#8221; add_icon=&#8221;true&#8221; link=&#8221;url:https%3A%2F%2Fmsf.hr%2Fwp-content%2Fuploads%2F2022%2F01%2F55-MSF_deplijan_99x210mm_FIN2.pdf|target:_blank&#8221;][vc_btn title=&#8221;Fotogalerija 55. MSF&#8221; shape=&#8221;square&#8221; color=&#8221;orange&#8221; size=&#8221;lg&#8221; align=&#8221;center&#8221; i_align=&#8221;right&#8221; i_icon_fontawesome=&#8221;&#8221; button_block=&#8221;true&#8221; add_icon=&#8221;true&#8221; link=&#8221;target:_blank&#8221;][vc_column_text]<\/p>\n<p style=\"text-align: right;\">Dr. sc. Tvrtko Zebec, umjetni\u010dki ravnatelj<\/p>\n<p>[\/vc_column_text][\/vc_column][\/vc_row][vc_row][vc_column]\t\t\t<link rel=\"stylesheet\" id=\"basel-el-social-icons-css\" href=\"https:\/\/msf.hr\/wp-content\/themes\/basel\/css\/parts\/el-social-icons.min.css?ver=5.8.0\" type=\"text\/css\" media=\"all\" \/> \t\t\t\n\t\t\t<ul class=\"social-icons text-center icons-design-default icons-size-default social-share \">\n\t\t\t\t\t\t\t\t\t<li class=\"social-facebook\"><a rel=\"noopener noreferrer nofollow\" href=\"https:\/\/www.facebook.com\/sharer\/sharer.php?u=https:\/\/msf.hr\/en\/55th-zagreb-international-folklore-festival\/\" target=\"_blank\" class=\"\"><i class=\"fa fa-facebook\"><\/i><span class=\"basel-social-icon-name\">Facebook<\/span><\/a><\/li>\n\t\t\t\t\n\t\t\t\t\n\t\t\t\t\n\t\t\t\t\n\t\t\t\t\n\t\t\t\t\n\t\t\t\t\n\t\t\t\t\t\t\t\t\t<li class=\"social-linkedin\"><a rel=\"noopener noreferrer nofollow\" href=\"https:\/\/www.linkedin.com\/shareArticle?mini=true&url=https:\/\/msf.hr\/en\/55th-zagreb-international-folklore-festival\/\" target=\"_blank\" class=\"\"><i class=\"fa fa-linkedin\"><\/i><span class=\"basel-social-icon-name\">LinkedIn<\/span><\/a><\/li>\n\t\t\t\t\n\t\t\t\t\n\t\t\t\t\n\t\t\t\t\n\t\t\t\t\n\t\t\t\t\n\t\t\t\t\n\t\t\t\t\n\t\t\t\t\n\t\t\t\t\t\t\t\t\n\t\t\t\t\n\t\t\t\t\n\t\t\t\t\n\t\t\t\t\t\t\t<\/ul>\n\n\t\t[vc_empty_space][\/vc_column][\/vc_row][vc_row full_width=&#8221;stretch_row&#8221; el_id=&#8221;#sudionici&#8221; css=&#8221;.vc_custom_1590493354848{background-color: #f2f2f2 !important;}&#8221;][vc_column width=&#8221;1\/3&#8243;][vc_column_text]<\/p>\n<h2>SUDIONICI 55. MSF<\/h2>\n<blockquote>\n<p>Sudionici iz Hrvatske<\/p>\n<\/blockquote>\n<p><strong>Babina Greda<\/strong>, \u201c\u0160okadija Babina Greda\u201d, Udruga za promicanje i o\u010duvanje \u0161oka\u010dke ba\u0161tine, Mu\u0161ka pjeva\u010dka skupina Babogredci, Brodsko-posavska \u017eupanija<br \/>\n<strong>Donja Dubrava<\/strong>, KUD \u201eSelja\u010dka sloga Donja Dubrava\u201c, Me\u0111imurska \u017eupanija<br \/>\n<strong>Gljev<\/strong>, Karnevalska udruga \u201eDidi s Kame\u0161nice\u201c, Splitsko-dalmatinska \u017eupanija<br \/>\n<strong>Gorjani<\/strong>, KUD \u201eGorjanac\u201c, Osje\u010dko-baranjska \u017eupanija<br \/>\n<strong>Gornja Jelenska<\/strong>, KUD \u201eJelen\u010danka\u201c, Sisa\u010dko-moslava\u010dka \u017eupanija<br \/>\n<strong>Jezera<\/strong>, otok Murter, KUD \u201eKoledi\u0161\u0107e\u201c, \u0160ibensko-kninska \u017eupanija<br \/>\n<strong>Komletinci<\/strong>, KUD \u201eFilipov\u010dice\u201c, Vukovarsko-srijemska \u017eupanija<br \/>\n<strong>Marku\u0161evec<\/strong>, HKUD \u201ePrigorec\u201c, Grad Zagreb<br \/>\n<strong>Mirlovi\u0107 Zagora<\/strong>, KUU \u201eZvona Zagore\u201c, \u0160ibensko-kninska \u017eupanija<br \/>\n<strong>Novi Perkovci<\/strong>, KUD \u201ePerkov\u010dani\u201c, Osje\u010dko-baranjska \u017eupanija<br \/>\n<strong>Nu\u0161tar<\/strong>, HSKPD \u201eSelja\u010dka sloga\u201c, Vukovarsko-srijemska \u017eupanija<br \/>\n<strong>Osojnik<\/strong>, KUD \u201eSv. Juraj Osojnik\u201c, Dubrova\u010dko-neretvanska \u017eupanija<br \/>\n<strong>Pazin<\/strong>, Folklorno dru\u0161tvo \u201ePazin\u201c, Istarska \u017eupanija<br \/>\n<strong>Rokovci i Andrija\u0161evci<\/strong>, KUD \u201eSlavko Jankovi\u0107\u201c, Vukovarsko-srijemska \u017eupanija<br \/>\n<strong>Rovinj<\/strong>, Comunita degli Italiani \/ Zajednica Talijana Pino Budicin, Societ\u00e0 artistico-culturale \/ Kulturno-umjetni\u010dko dru\u0161tvo \u201cMarco Garbin\u201d, Istarska \u017eupanija<br \/>\n<strong>Semeljci<\/strong>, KUD \u201eLipa\u201c, Osje\u010dko-baranjska \u017eupanija<br \/>\n<strong>\u0160iroka Kula<\/strong>, HKUD \u201e\u0160iroka Kula\u201c, Li\u010dko-senjska \u017eupanija<br \/>\n<strong>Vrbje<\/strong>, KUD \u201eVrbje\u201c, Brodsko-posavska \u017eupanija[\/vc_column_text][\/vc_column][vc_column width=&#8221;1\/3&#8243;][vc_empty_space][vc_empty_space][vc_column_text]<\/p>\n<blockquote>\n<p>Hrvati izvan Hrvatske<\/p>\n<\/blockquote>\n<p><strong>Bosna i Hercegovina, Mostar,<\/strong> HKUD \u201eGoranci\u201c, Goranci[\/vc_column_text][vc_column_text]<\/p>\n<blockquote>\n<p>Pu\u010dko kazali\u0161te<\/p>\n<\/blockquote>\n<p><strong>Prelog<\/strong>, Kazali\u0161na scena Kalmana Mesari\u0107a[\/vc_column_text][vc_column_text]<\/p>\n<blockquote>\n<p>Sudionici iz inozemstva<\/p>\n<\/blockquote>\n<p><strong>\u010ce\u0161ka Republika, Stud\u00e9nka<\/strong>, Tambura\u0161sk\u00fd soubor \u201eBra\u010d\u201c<br \/>\n<strong>Sjeverna Makedonija, Istibanja<\/strong>, Folklorni ansambl \u201eKitka\u201c[\/vc_column_text][\/vc_column][vc_column width=&#8221;1\/3&#8243;][vc_column_text]<\/p>\n<blockquote>\n<p>Sudionici programa Farka\u0161ijada<\/p>\n<\/blockquote>\n<p><strong>\u010ce\u0161ka Republika, Stud\u00e9nka<\/strong>, Tambura\u0161sk\u00fd soubor \u201cBra\u010d\u201d<br \/>\n<strong>Nova Ra\u010da<\/strong>, KUU \u201eIvan vitez Trnski\u201c, Bjelovarsko-bilogorska \u017eupanija<br \/>\n<strong>Ogulin<\/strong>, KUD \u201eKlek\u201c, Karlova\u010dka \u017eupanija<br \/>\n<strong>Zagreb,<\/strong> Rizni\u010dari tambura\u0161ke ba\u0161tine, Grad Zagreb[\/vc_column_text][vc_column_text]<\/p>\n<blockquote>\n<p>Sudionici koncerta grkokatoli\u010dkog pu\u010dkog pjevanja Tebe pojem, Gospodi<\/p>\n<\/blockquote>\n<p><strong>Kri\u017eevci,<\/strong> Pjeva\u010di kri\u017eeva\u010dke katedrale Presvete Trojice, Kri\u017eeva\u010dka eparhija, Koprivni\u010dko-kri\u017eeva\u010dka \u017eupanija<br \/>\n<strong>Lipovljani<\/strong>, Zbor \u017dupe Bezgre\u0161nog za\u010de\u0107a sv. Ane \/ KPD Ukrajinaca \u201eKarpati\u201c, Sisa\u010dko-moslava\u010dka \u017eupanija<br \/>\n<strong>Zagreb<\/strong>, \u0106irilo-Metodov kor, Grad Zagreb[\/vc_column_text][vc_column_text]<\/p>\n<blockquote>\n<p>Predstavljanje umije\u0107a upisanih i registar kulturnih dobara Republike Hrvtaske<\/p>\n<\/blockquote>\n<p><strong>Baranjsko Petrovo Selo<\/strong>, Pavo Franjin, Osje\u010dko-baranjska \u017eupanija<br \/>\n<strong>Bistra<\/strong>, Ekomuzej Bistra i KUD \u201eBistra\u201c, Zagreba\u010dka \u017eupanija<br \/>\n<strong>Gaji\u0107<\/strong>, Eva Balatinac i Eva Kostoli\u0107, Osje\u010dko-baranjska \u017eupanija<br \/>\n<strong>Hrvatski \u010cunti\u0107,<\/strong> KUD \u201e\u010cunti\u0107anka\u201c i Veronika Filipec, Sisa\u010dko-moslava\u010dka \u017eupanija<br \/>\n<strong>Jezera,<\/strong> KUD \u201eKoledi\u0161\u0107e\u201c, \u0160ibensko-kninska \u017eupanija<br \/>\n<strong>Ozalj,<\/strong> KUD \u201eKlju\u010d\u201c, Karlova\u010dka \u017eupanija<br \/>\n<strong>Topolje,<\/strong> Jela Bok\u0161i\u0107 Nikoli\u0107, Osje\u010dko-baranjska \u017eupanija[\/vc_column_text][\/vc_column][\/vc_row][\/vc_section]<\/p>\n<\/div>","protected":false},"excerpt":{"rendered":"<p>[vc_section full_width=&#8221;stretch_row&#8221;][vc_row full_width=&#8221;stretch_row_content&#8221; el_class=&#8221;text-center&#8221;][vc_column][\/vc_column][\/vc_row][vc_row css=&#8221;.vc_custom_1590493555127{background-color: #ffffff !important;}&#8221;][vc_column width=&#8221;1\/3&#8243;][vc_column_text] 55TH ZAGREB INTERNATIONAL FOLKLORE FESTIVAL 23RD JUNE \u2013 31 JULY 2021 When<\/p>\n","protected":false},"author":1,"featured_media":0,"parent":0,"menu_order":0,"comment_status":"closed","ping_status":"closed","template":"","meta":{"footnotes":""},"class_list":["post-10383","page","type-page","status-publish","hentry"],"aioseo_notices":[],"_links":{"self":[{"href":"https:\/\/msf.hr\/en\/wp-json\/wp\/v2\/pages\/10383","targetHints":{"allow":["GET"]}}],"collection":[{"href":"https:\/\/msf.hr\/en\/wp-json\/wp\/v2\/pages"}],"about":[{"href":"https:\/\/msf.hr\/en\/wp-json\/wp\/v2\/types\/page"}],"author":[{"embeddable":true,"href":"https:\/\/msf.hr\/en\/wp-json\/wp\/v2\/users\/1"}],"replies":[{"embeddable":true,"href":"https:\/\/msf.hr\/en\/wp-json\/wp\/v2\/comments?post=10383"}],"version-history":[{"count":2,"href":"https:\/\/msf.hr\/en\/wp-json\/wp\/v2\/pages\/10383\/revisions"}],"predecessor-version":[{"id":10385,"href":"https:\/\/msf.hr\/en\/wp-json\/wp\/v2\/pages\/10383\/revisions\/10385"}],"wp:attachment":[{"href":"https:\/\/msf.hr\/en\/wp-json\/wp\/v2\/media?parent=10383"}],"curies":[{"name":"wp","href":"https:\/\/api.w.org\/{rel}","templated":true}]}}