{"id":3902,"date":"2019-06-14T12:44:23","date_gmt":"2019-06-14T12:44:23","guid":{"rendered":"https:\/\/nova.msf.hr\/arhiva-34-smotre-2000\/"},"modified":"2019-06-24T10:06:32","modified_gmt":"2019-06-24T08:06:32","slug":"archive-34th-iff-2000","status":"publish","type":"page","link":"https:\/\/msf.hr\/en\/archive-34th-iff-2000\/","title":{"rendered":"Archive 34TH IFF 2000"},"content":{"rendered":"<div class=\"wpb-content-wrapper\"><p>[vc_section full_width=&#8221;stretch_row&#8221;][vc_row full_width=&#8221;stretch_row_content&#8221; css=&#8221;.vc_custom_1560419928639{margin-bottom: 40px !important;padding-bottom: 50px !important;}&#8221; el_class=&#8221;text-center&#8221;][vc_column basel_color_scheme=&#8221;dark&#8221; css=&#8221;.vc_custom_1560419974723{padding-top: 0px !important;}&#8221;]\t\t\t<link rel=\"stylesheet\" id=\"basel-el-slider-css\" href=\"https:\/\/msf.hr\/wp-content\/themes\/basel\/css\/parts\/el-slider.min.css?ver=5.8.0\" type=\"text\/css\" media=\"all\" \/> \t\t\t\t\t\t<link rel=\"stylesheet\" id=\"basel-lib-owl-carousel-css\" href=\"https:\/\/msf.hr\/wp-content\/themes\/basel\/css\/parts\/lib-owl-carousel.min.css?ver=5.8.0\" type=\"text\/css\" media=\"all\" \/> \t\t\t\t\t\t<style>\n\t\t\t#slider-57 .basel-slide {\n\t\t\t\tmin-height: 550px;\n\t\t\t}\n\t\t\t\n\t\t\t@media (min-width: 1025px) {\n\t\t\t\t.browser-Internet #slider-57 .basel-slide {\n\t\t\t\t\theight: 550px;\n\t\t\t\t}\n\t\t\t}\n\n\t        @media (max-width: 1024px) {\n\t\t\t\t#slider-57 .basel-slide {\n\t\t\t\t\tmin-height: 500px;\n\t\t\t\t}\n\t\t\t}\n\n\t\t\t@media (max-width: 767px) {\n\t\t\t\t#slider-57 .basel-slide {\n\t\t\t\t\tmin-height: 300px;\n\t\t\t\t}\n\t\t\t}\n\n\t\t\t\t\t\t\t\t\t#slide-2405.basel-loaded {\n\t\t\t\t\t\t\tbackground-image:url(https:\/\/msf.hr\/wp-content\/uploads\/2019\/06\/34_slider.jpg);\t\t\t\t\t\t}\n\n\t\t\t\t\t\t#slide-2405 {\n\t\t\t\t\t\t\tbackground-color:#fefefe;\t\t\t\t\t\t}\n\n\t\t\t\t\t    \t\t\t\t\t\t#slide-2405 .basel-slide-inner {\n\t\t\t\t\t\t\tmax-width:1200px;\t\t\t\t\t\t}\n\t\t\t\t\t    \n\t\t\t\t        @media (max-width: 1024px) {\n\t\t\t\t\t\t\t\n\t\t\t\t\t        \t\t\t\t\t\t\t#slide-2405 .basel-slide-inner {\n\t\t\t\t\t\t\t\tmax-width:1200px;\t\t\t\t\t\t\t}\n\t\t\t\t\t        \t\t\t\t\t\t}\n\n\t\t\t\t\t\t@media (max-width: 767px) {\n\t\t\t\t\t\t\t\n\t\t\t\t\t        \t\t\t\t\t\t\t#slide-2405 .basel-slide-inner {\n\t\t\t\t\t\t\t\tmax-width:300px;\t\t\t\t\t\t\t}\n\t\t\t\t\t        \t\t\t\t\t\t}\n\n\t\t\t\t\t\t\n\t\t\t\t\t\t\n\t\t\t\t\t\n\t\t<\/style>\t\t\t<div id=\"slider-57\" class=\"basel-slider-wrapper arrows-style-3 pagin-style-2 pagin-color-light vc_row vc_row-fluid\" data-vc-full-width=\"true\" data-vc-full-width-init=\"true\" data-vc-stretch-content=\"true\" data-owl-carousel data-speed=\"9000\" data-wrap=\"yes\" data-autoplay=\"yes\" data-autoheight=\"yes\" data-hide_pagination_control=\"no\" data-hide_prev_next_buttons=\"no\" data-sliding_speed=\"900\" data-animation=\"fadeOut\" data-content_animation=\"1\" data-desktop=\"1\" data-desktop_small=\"1\" data-tablet=\"1\" data-mobile=\"1\">\n\t\t\t\t<div class=\"owl-carousel basel-slider \">\n\t\t\t\t\t\t\t\t\t\t\t\t\t\t\t\t\t<div id=\"slide-2405\" class=\"basel-slide slide-valign-middle slide-halign-left content-fixed\">\n\t\t\t\t\t\t\t<div class=\"container basel-slide-container\">\n\t\t\t\t\t\t\t\t<div class=\"basel-slide-inner \">\n\t\t\t\t\t\t\t\t\t\t\t\t\t\t\t\t\t<\/div>\n\t\t\t\t\t\t\t<\/div>\n\t\t\t\t\t\t<\/div>\n\n\t\t\t\t\t\t\t\t\t<\/div>\n\t\t\t<\/div>\n\t\t\t<div class=\"vc_row-full-width vc_clearfix\"><\/div>\t\t[\/vc_column][\/vc_row][vc_row][vc_column width=&#8221;1\/3&#8243; basel_color_scheme=&#8221;light&#8221;][vc_column_text]<\/p>\n<h2 class=\"font-alt\">34TH INTERNATIONAL FOLKLORE FESTIVAL<\/h2>\n<blockquote>\n<div class=\"info\">\n<p>19 to 23 July 2000<\/p>\n<\/div>\n<\/blockquote>\n<p>The 34th international folklore festival is held in the twentieth year of the year, which is in many ways peculiar. That is why this event is dedicated to a particular theme, theme of carnival or carnival.<\/p>\n<p>Plants drop at the time of the start of the new vegetation cycle, when winter falls before the spring comes.[\/vc_column_text][\/vc_column][vc_column width=&#8221;1\/3&#8243; basel_color_scheme=&#8221;light&#8221;][vc_column_text]By old notions and calendars, it was the time of transition from old to new year. In this transitional period, the revelations, according to ancient beliefs, symbolically accounted for the uneasiness of the past year and sought to influence the new year in every respect by magic procedures. It is also a time when one is in one of his favorite roles &#8211; a man playing, homo ludens. He is disguising, temporarily frees up social stalemate, turns the world upside down and wrinkles his reality. The symbolism of the dress seems good at the beginning of the new millennium. Carved traditions in Croats are varied and rich, and all participants from abroad will exhibit their carnival customs. Viewers will meet with well-known carnival characters and scenes, but many will see it for the first time.[\/vc_column_text][\/vc_column][vc_column width=&#8221;1\/3&#8243; basel_color_scheme=&#8221;light&#8221;][vc_btn title=&#8221;PHOTOS FROM 34TH IFF&#8221; shape=&#8221;square&#8221; size=&#8221;lg&#8221; align=&#8221;center&#8221; i_align=&#8221;right&#8221; i_icon_fontawesome=&#8221;fa fa-picture-o&#8221; button_block=&#8221;true&#8221; add_icon=&#8221;true&#8221; link=&#8221;url:https%3A%2F%2Fwww.flickr.com%2Fphotos%2F69495271%40N03%2Falbums%2F72157650524329488||target:%20_blank|&#8221;][\/vc_column][\/vc_row][vc_row css=&#8221;.vc_custom_1560429154538{padding-bottom: 40px !important;}&#8221;][vc_column]\t\t\t<link rel=\"stylesheet\" id=\"basel-el-social-icons-css\" href=\"https:\/\/msf.hr\/wp-content\/themes\/basel\/css\/parts\/el-social-icons.min.css?ver=5.8.0\" type=\"text\/css\" media=\"all\" \/> \t\t\t\n\t\t\t<ul class=\"social-icons text-center icons-design-colored icons-size-default social-share \">\n\t\t\t\t\t\t\t\t\t<li class=\"social-facebook\"><a rel=\"noopener noreferrer nofollow\" href=\"https:\/\/www.facebook.com\/sharer\/sharer.php?u=https:\/\/msf.hr\/en\/archive-34th-iff-2000\/\" target=\"_blank\" class=\"\"><i class=\"fa fa-facebook\"><\/i><span class=\"basel-social-icon-name\">Facebook<\/span><\/a><\/li>\n\t\t\t\t\n\t\t\t\t\n\t\t\t\t\n\t\t\t\t\n\t\t\t\t\n\t\t\t\t\n\t\t\t\t\n\t\t\t\t\t\t\t\t\t<li class=\"social-linkedin\"><a rel=\"noopener noreferrer nofollow\" href=\"https:\/\/www.linkedin.com\/shareArticle?mini=true&url=https:\/\/msf.hr\/en\/archive-34th-iff-2000\/\" target=\"_blank\" class=\"\"><i class=\"fa fa-linkedin\"><\/i><span class=\"basel-social-icon-name\">LinkedIn<\/span><\/a><\/li>\n\t\t\t\t\n\t\t\t\t\n\t\t\t\t\n\t\t\t\t\n\t\t\t\t\n\t\t\t\t\n\t\t\t\t\n\t\t\t\t\n\t\t\t\t\n\t\t\t\t\t\t\t\t\n\t\t\t\t\n\t\t\t\t\n\t\t\t\t\n\t\t\t\t\t\t\t<\/ul>\n\n\t\t[\/vc_column][\/vc_row][vc_row full_width=&#8221;stretch_row&#8221; css=&#8221;.vc_custom_1560764870604{padding-top: 40px !important;padding-bottom: 40px !important;background-color: #f2f2f2 !important;}&#8221; el_id=&#8221;#sudionici&#8221;][vc_column width=&#8221;1\/3&#8243; basel_color_scheme=&#8221;light&#8221; el_id=&#8221;#sudionici&#8221;][vc_column_text]<\/p>\n<h2 class=\"font-alt\">34TH INTERNATIONAL FOLKLORE FESTIVAL<\/h2>\n<blockquote>\n<div class=\"info\">\n<p>PARTICIPANTS FROM CROATIA<\/p>\n<\/div>\n<\/blockquote>\n<p><strong>DONJA BEBRINA<\/strong>, PS\u017d, Kulturno-umjetni\u010dko dru\u0161tvo \u201eBekte\u017e\u201c<br \/>\n<strong>DRA\u017d<\/strong>, PG\u017d, Kulturno-umjetni\u010dko dru\u0161tvo \u201eBribir\u201c<br \/>\n<strong>GLJEV<\/strong>, Zagreba\u010dka \u017eupanija, Kulturno-umjetni\u010dko dru\u0161tvo \u201eObre\u0161ka\u201c<br \/>\n<strong>LASTOVO<\/strong>, Dubrova\u010dko-neretvanska \u017eupanija Pokladarsko dru\u0161tvo<br \/>\n<strong>LOPAR<\/strong>, Primorsko-goranska \u017eupanija KUD &#8220;San Marino&#8221;[\/vc_column_text][\/vc_column][vc_column width=&#8221;1\/3&#8243; basel_color_scheme=&#8221;light&#8221;][vc_column_text]<strong>NEORI\u0106 i SUTINA<\/strong>, Ma\u010dkare<br \/>\n<strong>PUTNIKOVI\u0106<\/strong>, Dalmatinsko-neretvanska \u017eupanija KUD &#8220;Putnikovi\u0107&#8221;<br \/>\n<strong>SOVINJAK<\/strong>, Istarska \u017eupanija Sovinjski pusti<br \/>\n<strong>STRIZIVOJNA<\/strong>, Osje\u010dko-baranjska \u017eupanija KUD &#8220;\u0160okadija&#8221;<br \/>\n<strong>TUR\u010cI\u0160\u0106E<\/strong>, Me\u0111imurska \u017eupanija KUD &#8220;Lafra&#8221;<br \/>\n<strong>VI\u0160KOVO<\/strong>, Primorsko-goranska \u017eupanija Halubajski zvon\u010dari<br \/>\n<strong>VRANOVCI i BUKOVLJE<\/strong>, KUD &#8220;Vranovci-Bukovlje&#8221;<br \/>\n<strong>VUKOJEVCI<\/strong>, Hrvatsko kulturno dru\u0161tvo &#8220;Vukojevci&#8221;<br \/>\n<strong>ZAGREB<\/strong>, Grad Zagreb HSPD &#8220;Sljeme&#8221; \u0160estine[\/vc_column_text][\/vc_column][vc_column width=&#8221;1\/3&#8243; basel_color_scheme=&#8221;light&#8221;][vc_column_text]<\/p>\n<blockquote>\n<div class=\"info\">\n<p>CROATS FROM ABROAD<\/p>\n<\/div>\n<\/blockquote>\n<p><strong>BOSNA I HERCEGOVINA<\/strong>, Vijaka i Vare\u0161, HKD &#8220;Napredak&#8221;<br \/>\n<strong>ITALIJA<\/strong>, Gruppo Folk Mamuthones\/Issohadores della PRO-LOCO di Mamoiada<br \/>\n<strong>ITALIJA<\/strong>, Norbello (Sardinija), Associazione Folk Culturale &#8220;Guilcer&#8221;<br \/>\n<strong>MA\u0110ARSKA<\/strong>, Moh\u00e1cs &#8220;Zora&#8221; T\u00e1ncegy\u00fcttes \/ Folklorna skupina &#8220;Zora&#8221;<br \/>\n<strong>NJEMA\u010cKA<\/strong>, Balingen Volkstanzgruppe Frommern<br \/>\n<strong>POLJSKA<\/strong>, Wilamowice Zesp\u00f3l Regionalny &#8220;Wilamowice-FIL&#8221;<br \/>\n<strong>SLOVENIJA<\/strong>, Videm pri Ptuju Folklorno dru\u0161tvo &#8220;Lancova vas&#8221;[\/vc_column_text][\/vc_column][\/vc_row][\/vc_section][vc_row full_width=&#8221;stretch_row_content_no_spaces&#8221; css=&#8221;.vc_custom_1560758469428{margin-top: 0px !important;margin-bottom: 0px !important;border-top-width: 0px !important;border-bottom-width: 0px !important;padding-top: 0px !important;padding-bottom: 0px !important;}&#8221;][vc_column css=&#8221;.vc_custom_1560758172997{margin-top: 0px !important;margin-bottom: 0px !important;padding-top: 0px !important;padding-bottom: 0px !important;}&#8221;]\t\t\t<link rel=\"stylesheet\" id=\"basel-el-images-gallery-css\" href=\"https:\/\/msf.hr\/wp-content\/themes\/basel\/css\/parts\/el-images-gallery.min.css?ver=5.8.0\" type=\"text\/css\" media=\"all\" \/> \t\t\t\t\t\t<div id=\"gallery_518\" class=\"basel-images-gallery  spacing-0 columns-4 view-grid photoswipe-images\" >\n\t\t\t\t<div class=\"gallery-images \">\n\t\t\t\t\t\t\t\t\t\t\t\t\t\t\t\t\t\t<div class=\"basel-gallery-item\">\n\t\t\t\t\t\t\t\t\t\t\t\t\t\t\t\t\t<a href=\"https:\/\/msf.hr\/wp-content\/uploads\/2019\/06\/34_slika4.jpg\" data-index=\"1\" data-width=\"1024\" data-height=\"750\"  >\n\t\t\t\t\t\t\t\t\t\t\t\t\t\t\t\n\t\t\t\t\t\t\t\t\t\t\t\t\t\t\t\t\t<img loading=\"lazy\" decoding=\"async\" width=\"1024\" height=\"750\" src=\"https:\/\/msf.hr\/wp-content\/uploads\/2019\/06\/34_slika4.jpg\" class=\"basel-gallery-image image-1 attachment-full\" alt=\"\" title=\"34_slika4\" srcset=\"https:\/\/msf.hr\/wp-content\/uploads\/2019\/06\/34_slika4.jpg 1024w, https:\/\/msf.hr\/wp-content\/uploads\/2019\/06\/34_slika4-300x220.jpg 300w, https:\/\/msf.hr\/wp-content\/uploads\/2019\/06\/34_slika4-768x563.jpg 768w, https:\/\/msf.hr\/wp-content\/uploads\/2019\/06\/34_slika4-600x439.jpg 600w\" sizes=\"auto, (max-width: 1024px) 100vw, 1024px\" \/>\t\t\t\t\t\t\t\t\n\t\t\t\t\t\t\t\t\t\t\t\t\t\t\t\t\t<\/a>\n\t\t\t\t\t\t\t\t\t\t\t\t\t\t\t<\/div>\n\t\t\t\t\t\t\t\t\t\t\t\t\t<div class=\"basel-gallery-item\">\n\t\t\t\t\t\t\t\t\t\t\t\t\t\t\t\t\t<a href=\"https:\/\/msf.hr\/wp-content\/uploads\/2019\/06\/34_slika3.jpg\" data-index=\"2\" data-width=\"1024\" data-height=\"750\"  >\n\t\t\t\t\t\t\t\t\t\t\t\t\t\t\t\n\t\t\t\t\t\t\t\t\t\t\t\t\t\t\t\t\t<img loading=\"lazy\" decoding=\"async\" width=\"1024\" height=\"750\" src=\"https:\/\/msf.hr\/wp-content\/uploads\/2019\/06\/34_slika3.jpg\" class=\"basel-gallery-image image-2 attachment-full\" alt=\"\" title=\"34_slika3\" srcset=\"https:\/\/msf.hr\/wp-content\/uploads\/2019\/06\/34_slika3.jpg 1024w, https:\/\/msf.hr\/wp-content\/uploads\/2019\/06\/34_slika3-300x220.jpg 300w, https:\/\/msf.hr\/wp-content\/uploads\/2019\/06\/34_slika3-768x563.jpg 768w, https:\/\/msf.hr\/wp-content\/uploads\/2019\/06\/34_slika3-600x439.jpg 600w\" sizes=\"auto, (max-width: 1024px) 100vw, 1024px\" \/>\t\t\t\t\t\t\t\t\n\t\t\t\t\t\t\t\t\t\t\t\t\t\t\t\t\t<\/a>\n\t\t\t\t\t\t\t\t\t\t\t\t\t\t\t<\/div>\n\t\t\t\t\t\t\t\t\t\t\t\t\t<div class=\"basel-gallery-item\">\n\t\t\t\t\t\t\t\t\t\t\t\t\t\t\t\t\t<a href=\"https:\/\/msf.hr\/wp-content\/uploads\/2019\/06\/34_slika2.jpg\" data-index=\"3\" data-width=\"1024\" data-height=\"750\"  >\n\t\t\t\t\t\t\t\t\t\t\t\t\t\t\t\n\t\t\t\t\t\t\t\t\t\t\t\t\t\t\t\t\t<img loading=\"lazy\" decoding=\"async\" width=\"1024\" height=\"750\" src=\"https:\/\/msf.hr\/wp-content\/uploads\/2019\/06\/34_slika2.jpg\" class=\"basel-gallery-image image-3 attachment-full\" alt=\"\" title=\"34_slika2\" srcset=\"https:\/\/msf.hr\/wp-content\/uploads\/2019\/06\/34_slika2.jpg 1024w, https:\/\/msf.hr\/wp-content\/uploads\/2019\/06\/34_slika2-300x220.jpg 300w, https:\/\/msf.hr\/wp-content\/uploads\/2019\/06\/34_slika2-768x563.jpg 768w, https:\/\/msf.hr\/wp-content\/uploads\/2019\/06\/34_slika2-600x439.jpg 600w\" sizes=\"auto, (max-width: 1024px) 100vw, 1024px\" \/>\t\t\t\t\t\t\t\t\n\t\t\t\t\t\t\t\t\t\t\t\t\t\t\t\t\t<\/a>\n\t\t\t\t\t\t\t\t\t\t\t\t\t\t\t<\/div>\n\t\t\t\t\t\t\t\t\t\t\t\t\t<div class=\"basel-gallery-item\">\n\t\t\t\t\t\t\t\t\t\t\t\t\t\t\t\t\t<a href=\"https:\/\/msf.hr\/wp-content\/uploads\/2019\/06\/34_slika1.jpg\" data-index=\"4\" data-width=\"1024\" data-height=\"750\"  >\n\t\t\t\t\t\t\t\t\t\t\t\t\t\t\t\n\t\t\t\t\t\t\t\t\t\t\t\t\t\t\t\t\t<img loading=\"lazy\" decoding=\"async\" width=\"1024\" height=\"750\" src=\"https:\/\/msf.hr\/wp-content\/uploads\/2019\/06\/34_slika1.jpg\" class=\"basel-gallery-image image-4 attachment-full\" alt=\"\" title=\"34_slika1\" srcset=\"https:\/\/msf.hr\/wp-content\/uploads\/2019\/06\/34_slika1.jpg 1024w, https:\/\/msf.hr\/wp-content\/uploads\/2019\/06\/34_slika1-300x220.jpg 300w, https:\/\/msf.hr\/wp-content\/uploads\/2019\/06\/34_slika1-768x563.jpg 768w, https:\/\/msf.hr\/wp-content\/uploads\/2019\/06\/34_slika1-600x439.jpg 600w\" sizes=\"auto, (max-width: 1024px) 100vw, 1024px\" \/>\t\t\t\t\t\t\t\t\n\t\t\t\t\t\t\t\t\t\t\t\t\t\t\t\t\t<\/a>\n\t\t\t\t\t\t\t\t\t\t\t\t\t\t\t<\/div>\n\t\t\t\t\t\t\t\t\t\t\t\t\t\t\t<\/div>\n\t\t\t<\/div>\n\t\t\t\t\t[\/vc_column][\/vc_row]<\/p>\n<\/div>","protected":false},"excerpt":{"rendered":"<p>[vc_section full_width=&#8221;stretch_row&#8221;][vc_row full_width=&#8221;stretch_row_content&#8221; css=&#8221;.vc_custom_1560419928639{margin-bottom: 40px !important;padding-bottom: 50px !important;}&#8221; el_class=&#8221;text-center&#8221;][vc_column basel_color_scheme=&#8221;dark&#8221; css=&#8221;.vc_custom_1560419974723{padding-top: 0px !important;}&#8221;][\/vc_column][\/vc_row][vc_row][vc_column width=&#8221;1\/3&#8243; basel_color_scheme=&#8221;light&#8221;][vc_column_text] 34TH INTERNATIONAL FOLKLORE FESTIVAL 19<\/p>\n","protected":false},"author":1,"featured_media":0,"parent":0,"menu_order":0,"comment_status":"closed","ping_status":"closed","template":"","meta":{"footnotes":""},"class_list":["post-3902","page","type-page","status-publish","hentry"],"aioseo_notices":[],"_links":{"self":[{"href":"https:\/\/msf.hr\/en\/wp-json\/wp\/v2\/pages\/3902","targetHints":{"allow":["GET"]}}],"collection":[{"href":"https:\/\/msf.hr\/en\/wp-json\/wp\/v2\/pages"}],"about":[{"href":"https:\/\/msf.hr\/en\/wp-json\/wp\/v2\/types\/page"}],"author":[{"embeddable":true,"href":"https:\/\/msf.hr\/en\/wp-json\/wp\/v2\/users\/1"}],"replies":[{"embeddable":true,"href":"https:\/\/msf.hr\/en\/wp-json\/wp\/v2\/comments?post=3902"}],"version-history":[{"count":3,"href":"https:\/\/msf.hr\/en\/wp-json\/wp\/v2\/pages\/3902\/revisions"}],"predecessor-version":[{"id":3908,"href":"https:\/\/msf.hr\/en\/wp-json\/wp\/v2\/pages\/3902\/revisions\/3908"}],"wp:attachment":[{"href":"https:\/\/msf.hr\/en\/wp-json\/wp\/v2\/media?parent=3902"}],"curies":[{"name":"wp","href":"https:\/\/api.w.org\/{rel}","templated":true}]}}