{"id":3926,"date":"2019-06-24T10:36:59","date_gmt":"2019-06-24T08:36:59","guid":{"rendered":"https:\/\/nova.msf.hr\/?page_id=3926"},"modified":"2025-06-30T17:19:12","modified_gmt":"2025-06-30T15:19:12","slug":"participants-from-abroad","status":"publish","type":"page","link":"https:\/\/msf.hr\/en\/participants-from-abroad\/","title":{"rendered":"PARTICIPANTS FROM ABROAD"},"content":{"rendered":"<div class=\"wpb-content-wrapper\"><p>[vc_row content_placement=&#8221;middle&#8221; row_reverse_mobile=&#8221;1&#8243;][vc_column basel_text_align=&#8221;center&#8221; css=&#8221;.vc_custom_1560243809615{margin-bottom: 4vh !important;}&#8221; offset=&#8221;vc_col-lg-4\/5 vc_col-md-5&#8243;][vc_empty_space][\/vc_column][\/vc_row][vc_section css=&#8221;.vc_custom_1560243932922{padding-bottom: 30px !important;}&#8221;][vc_row][vc_column width=&#8221;1\/2&#8243;][vc_column_text css=&#8221;&#8221;]<\/p>\n<h3><span style=\"color: #ff0000;\">Foreign participants<\/span><\/h3>\n<p>[\/vc_column_text][vc_column_text css=&#8221;&#8221;]<strong>BULGARIA<\/strong>, \u0160opluk, Ansambl Bistrica, \u201cBistri\u010dke Babi\u201d<br \/>\n<strong>FRANCE<\/strong>, Landes, Dax, \u201cLous Gouyats de l&#8217;Adou\u201d<br \/>\n<strong>GEORGIA<\/strong>, Guria, Ozurgeti, \u201cShvidkaca Trio\u201d<br \/>\n<strong>ITALY<\/strong>, Toskana, Fivizzano, Gruppo Storico Sbandieratori Fivizzano<br \/>\n<strong>COSTA RICA<\/strong>, San Jos\u00e9, Tib\u00e1s, Ansambl Folkl\u00f3rico Rey Cure\u00e9<br \/>\n<strong>NORTH MACEDONIA<\/strong>, Del\u010devo, s. Dram\u010de, Udru\u017eenje folklorne grupe Kopa\u010dka<br \/>\n<strong>NORTH MACEDONIA<\/strong>, Tetovo, Trio Gavrovski[\/vc_column_text][\/vc_column][vc_column width=&#8221;1\/2&#8243; css=&#8221;.vc_custom_1560257304093{padding-top: 45px !important;}&#8221;][\/vc_column][\/vc_row][vc_row][vc_column][\/vc_column][\/vc_row][\/vc_section][vc_row full_width=&#8221;stretch_row_content_no_spaces&#8221; css=&#8221;.vc_custom_1560255891698{margin-bottom: -40px !important;background-color: #000000 !important;background-position: 0 0 !important;background-repeat: repeat !important;}&#8221;][vc_column css=&#8221;.vc_custom_1488896100599{padding-top: 0px !important;}&#8221;]\t\t\t<link rel=\"stylesheet\" id=\"basel-el-row-divider-css\" href=\"https:\/\/msf.hr\/wp-content\/themes\/basel\/css\/parts\/el-row-divider.min.css?ver=5.8.0\" type=\"text\/css\" media=\"all\" \/> \t\t\t\t\t\t<div class=\"basel-row-divider svg-wrap-4941 dvr-position-top dvr-style-diagonal-right\">\n\t\t\t\t<svg id=\"diagonal-top\" xmlns=\"http:\/\/www.w3.org\/2000\/svg\" version=\"1.1\" width=\"100%\" height=\"50px\" viewBox=\"0 0 999 1000\" preserveAspectRatio=\"none\">\n  <polygon points=\"1000,0 0,1000 0,0\"\/>\n<\/svg>\n\t\t\t\t<style>.svg-wrap-4941 svg {\n\t\t\t\t\t\tfill: #ffffff;\n\t\t\t\t\t\theight:100px\t\t\t\t\t}\n\t\t\t\t<\/style>\n\t\t\t<\/div>\n\t\t[vc_row_inner][vc_column_inner width=&#8221;1\/3&#8243;][\/vc_column_inner][vc_column_inner width=&#8221;1\/3&#8243;][\/vc_column_inner][vc_column_inner width=&#8221;1\/3&#8243;][vc_empty_space height=&#8221;55px&#8221;][\/vc_column_inner][\/vc_row_inner][\/vc_column][\/vc_row][vc_row full_width=&#8221;stretch_row_content_no_spaces&#8221; css=&#8221;.vc_custom_1474195862238{margin-bottom: -40px !important;}&#8221;][vc_column width=&#8221;1\/2&#8243; css=&#8221;.vc_custom_1474127578432{margin-bottom: -30px !important;}&#8221;][\/vc_column][vc_column width=&#8221;1\/2&#8243; css=&#8221;.vc_custom_1474127582449{margin-bottom: -30px !important;}&#8221;][\/vc_column][\/vc_row]<\/p>\n<\/div>","protected":false},"excerpt":{"rendered":"<p>[vc_row content_placement=&#8221;middle&#8221; row_reverse_mobile=&#8221;1&#8243;][vc_column basel_text_align=&#8221;center&#8221; css=&#8221;.vc_custom_1560243809615{margin-bottom: 4vh !important;}&#8221; offset=&#8221;vc_col-lg-4\/5 vc_col-md-5&#8243;][vc_empty_space][\/vc_column][\/vc_row][vc_section css=&#8221;.vc_custom_1560243932922{padding-bottom: 30px !important;}&#8221;][vc_row][vc_column width=&#8221;1\/2&#8243;][vc_column_text css=&#8221;&#8221;] Foreign participants [\/vc_column_text][vc_column_text css=&#8221;&#8221;]BULGARIA, \u0160opluk, Ansambl<\/p>\n","protected":false},"author":2,"featured_media":0,"parent":0,"menu_order":0,"comment_status":"closed","ping_status":"closed","template":"","meta":{"footnotes":""},"class_list":["post-3926","page","type-page","status-publish","hentry"],"aioseo_notices":[],"_links":{"self":[{"href":"https:\/\/msf.hr\/en\/wp-json\/wp\/v2\/pages\/3926","targetHints":{"allow":["GET"]}}],"collection":[{"href":"https:\/\/msf.hr\/en\/wp-json\/wp\/v2\/pages"}],"about":[{"href":"https:\/\/msf.hr\/en\/wp-json\/wp\/v2\/types\/page"}],"author":[{"embeddable":true,"href":"https:\/\/msf.hr\/en\/wp-json\/wp\/v2\/users\/2"}],"replies":[{"embeddable":true,"href":"https:\/\/msf.hr\/en\/wp-json\/wp\/v2\/comments?post=3926"}],"version-history":[{"count":31,"href":"https:\/\/msf.hr\/en\/wp-json\/wp\/v2\/pages\/3926\/revisions"}],"predecessor-version":[{"id":17209,"href":"https:\/\/msf.hr\/en\/wp-json\/wp\/v2\/pages\/3926\/revisions\/17209"}],"wp:attachment":[{"href":"https:\/\/msf.hr\/en\/wp-json\/wp\/v2\/media?parent=3926"}],"curies":[{"name":"wp","href":"https:\/\/api.w.org\/{rel}","templated":true}]}}